
















{"id":9,"date":"2017-04-06T12:10:11","date_gmt":"2017-04-06T15:10:11","guid":{"rendered":"http:\/\/localhost\/cismep\/?page_id=9"},"modified":"2018-02-23T11:58:16","modified_gmt":"2018-02-23T14:58:16","slug":"assembleias-e-reunioes","status":"publish","type":"page","link":"https:\/\/criacao.facconsulting.com.br\/icismep-antigo\/assembleias-e-reunioes\/","title":{"rendered":"Assembleias e Reuni\u00f5es"},"content":{"rendered":"<p>Assembleias e reuni\u00f5es com atas, convoca\u00e7\u00f5es e resolu\u00e7\u00f5es da Institui\u00e7\u00e3o de Institui\u00e7\u00e3o de Coopera\u00e7\u00e3o Intermunicipal do M\u00e9dio Paraopeba \u2013 ICISMEP. Cont\u00e9m toda a documenta\u00e7\u00e3o que reger os encontros de prefeitos das cidades consorciadas. Sua finalidade \u00e9 gerar toda a transpar\u00eancia necess\u00e1ria para o bom funcionamento deste \u00f3rg\u00e3o. Assembleias s\u00e3o consistidas de um grupos de pessoas que, possuindo um interesse em comum, se re\u00fanem para analisar, discutir e decidir sobre determinados assuntos. Geralmente convocadas por uma imposi\u00e7\u00e3o legal, resolve assuntos que est\u00e3o sob os seus julgamentos.<\/p>\n","protected":false},"excerpt":{"rendered":"<p>Assembleias e reuni\u00f5es com atas, convoca\u00e7\u00f5es e resolu\u00e7\u00f5es da Institui\u00e7\u00e3o de Institui\u00e7\u00e3o de Coopera\u00e7\u00e3o Intermunicipal do M\u00e9dio Paraopeba \u2013 ICISMEP. Cont\u00e9m toda a documenta\u00e7\u00e3o que reger os encontros de prefeitos das cidades consorciadas. Sua finalidade \u00e9 gerar toda a transpar\u00eancia necess\u00e1ria para o bom funcionamento deste \u00f3rg\u00e3o. Assembleias s\u00e3o consistidas de um grupos de pessoas [&hellip;]<\/p>\n","protected":false},"author":1,"featured_media":0,"parent":0,"menu_order":0,"comment_status":"closed","ping_status":"closed","template":"page-assembleias.php","meta":[],"_links":{"self":[{"href":"https:\/\/criacao.facconsulting.com.br\/icismep-antigo\/wp-json\/wp\/v2\/pages\/9"}],"collection":[{"href":"https:\/\/criacao.facconsulting.com.br\/icismep-antigo\/wp-json\/wp\/v2\/pages"}],"about":[{"href":"https:\/\/criacao.facconsulting.com.br\/icismep-antigo\/wp-json\/wp\/v2\/types\/page"}],"author":[{"embeddable":true,"href":"https:\/\/criacao.facconsulting.com.br\/icismep-antigo\/wp-json\/wp\/v2\/users\/1"}],"replies":[{"embeddable":true,"href":"https:\/\/criacao.facconsulting.com.br\/icismep-antigo\/wp-json\/wp\/v2\/comments?post=9"}],"version-history":[{"count":3,"href":"https:\/\/criacao.facconsulting.com.br\/icismep-antigo\/wp-json\/wp\/v2\/pages\/9\/revisions"}],"predecessor-version":[{"id":14704,"href":"https:\/\/criacao.facconsulting.com.br\/icismep-antigo\/wp-json\/wp\/v2\/pages\/9\/revisions\/14704"}],"wp:attachment":[{"href":"https:\/\/criacao.facconsulting.com.br\/icismep-antigo\/wp-json\/wp\/v2\/media?parent=9"}],"curies":[{"name":"wp","href":"https:\/\/api.w.org\/{rel}","templated":true}]}}