
















{"id":13115,"date":"2017-05-10T11:01:35","date_gmt":"2017-05-10T14:01:35","guid":{"rendered":"http:\/\/novo.icismep.mg.gov.br\/?page_id=13115"},"modified":"2018-02-26T13:25:46","modified_gmt":"2018-02-26T16:25:46","slug":"concursos-publicos","status":"publish","type":"page","link":"https:\/\/criacao.facconsulting.com.br\/icismep-antigo\/concursos-publicos\/","title":{"rendered":"Concursos P\u00fablicos"},"content":{"rendered":"<p>Processos de contrata\u00e7\u00e3o de novos profissionais atrav\u00e9s de concursos p\u00fablicos e sele\u00e7\u00f5es para a Institui\u00e7\u00e3o de Coopera\u00e7\u00e3o Intermunicipal do M\u00e9dio Paraopeba \u2013 ICISMEP.<\/p>\n","protected":false},"excerpt":{"rendered":"<p>Processos de contrata\u00e7\u00e3o de novos profissionais atrav\u00e9s de concursos p\u00fablicos e sele\u00e7\u00f5es para a Institui\u00e7\u00e3o de Coopera\u00e7\u00e3o Intermunicipal do M\u00e9dio Paraopeba \u2013 ICISMEP.<\/p>\n","protected":false},"author":1,"featured_media":0,"parent":0,"menu_order":0,"comment_status":"closed","ping_status":"closed","template":"page-concursos.php","meta":[],"_links":{"self":[{"href":"https:\/\/criacao.facconsulting.com.br\/icismep-antigo\/wp-json\/wp\/v2\/pages\/13115"}],"collection":[{"href":"https:\/\/criacao.facconsulting.com.br\/icismep-antigo\/wp-json\/wp\/v2\/pages"}],"about":[{"href":"https:\/\/criacao.facconsulting.com.br\/icismep-antigo\/wp-json\/wp\/v2\/types\/page"}],"author":[{"embeddable":true,"href":"https:\/\/criacao.facconsulting.com.br\/icismep-antigo\/wp-json\/wp\/v2\/users\/1"}],"replies":[{"embeddable":true,"href":"https:\/\/criacao.facconsulting.com.br\/icismep-antigo\/wp-json\/wp\/v2\/comments?post=13115"}],"version-history":[{"count":3,"href":"https:\/\/criacao.facconsulting.com.br\/icismep-antigo\/wp-json\/wp\/v2\/pages\/13115\/revisions"}],"predecessor-version":[{"id":14710,"href":"https:\/\/criacao.facconsulting.com.br\/icismep-antigo\/wp-json\/wp\/v2\/pages\/13115\/revisions\/14710"}],"wp:attachment":[{"href":"https:\/\/criacao.facconsulting.com.br\/icismep-antigo\/wp-json\/wp\/v2\/media?parent=13115"}],"curies":[{"name":"wp","href":"https:\/\/api.w.org\/{rel}","templated":true}]}}