
















{"id":13,"date":"2017-04-06T12:14:46","date_gmt":"2017-04-06T15:14:46","guid":{"rendered":"http:\/\/localhost\/cismep\/?page_id=13"},"modified":"2018-02-26T13:25:22","modified_gmt":"2018-02-26T16:25:22","slug":"compras-e-licitacoes","status":"publish","type":"page","link":"https:\/\/criacao.facconsulting.com.br\/icismep-antigo\/compras-e-licitacoes\/","title":{"rendered":"Compras e Licita\u00e7\u00f5es"},"content":{"rendered":"<p>Processos de compras e licita\u00e7\u00f5es da Institui\u00e7\u00e3o de Coopera\u00e7\u00e3o Intermunicipal do M\u00e9dio Paraopeba \u2013 ICISMEP em progresso no momento para que os fornecedores possam se eleger a oferecer seus produtos e servi\u00e7os.<\/p>\n","protected":false},"excerpt":{"rendered":"<p>Processos de compras e licita\u00e7\u00f5es da Institui\u00e7\u00e3o de Coopera\u00e7\u00e3o Intermunicipal do M\u00e9dio Paraopeba \u2013 ICISMEP em progresso no momento para que os fornecedores possam se eleger a oferecer seus produtos e servi\u00e7os.<\/p>\n","protected":false},"author":1,"featured_media":0,"parent":0,"menu_order":0,"comment_status":"closed","ping_status":"closed","template":"page-compras.php","meta":[],"_links":{"self":[{"href":"https:\/\/criacao.facconsulting.com.br\/icismep-antigo\/wp-json\/wp\/v2\/pages\/13"}],"collection":[{"href":"https:\/\/criacao.facconsulting.com.br\/icismep-antigo\/wp-json\/wp\/v2\/pages"}],"about":[{"href":"https:\/\/criacao.facconsulting.com.br\/icismep-antigo\/wp-json\/wp\/v2\/types\/page"}],"author":[{"embeddable":true,"href":"https:\/\/criacao.facconsulting.com.br\/icismep-antigo\/wp-json\/wp\/v2\/users\/1"}],"replies":[{"embeddable":true,"href":"https:\/\/criacao.facconsulting.com.br\/icismep-antigo\/wp-json\/wp\/v2\/comments?post=13"}],"version-history":[{"count":5,"href":"https:\/\/criacao.facconsulting.com.br\/icismep-antigo\/wp-json\/wp\/v2\/pages\/13\/revisions"}],"predecessor-version":[{"id":19766,"href":"https:\/\/criacao.facconsulting.com.br\/icismep-antigo\/wp-json\/wp\/v2\/pages\/13\/revisions\/19766"}],"wp:attachment":[{"href":"https:\/\/criacao.facconsulting.com.br\/icismep-antigo\/wp-json\/wp\/v2\/media?parent=13"}],"curies":[{"name":"wp","href":"https:\/\/api.w.org\/{rel}","templated":true}]}}