
















{"id":11,"date":"2017-04-06T12:14:03","date_gmt":"2017-04-06T15:14:03","guid":{"rendered":"http:\/\/localhost\/cismep\/?page_id=11"},"modified":"2018-02-23T14:25:18","modified_gmt":"2018-02-23T17:25:18","slug":"cidades","status":"publish","type":"page","link":"https:\/\/criacao.facconsulting.com.br\/icismep-antigo\/cidades\/","title":{"rendered":"Cidades"},"content":{"rendered":"<p>Rela\u00e7\u00e3o das cidades consorciadas que participam do seleto grupo de munic\u00edpios que se beneficiam dos bons servi\u00e7os prestados pela Institui\u00e7\u00e3o de Coopera\u00e7\u00e3o Intermunicipal do M\u00e9dio Paraopeba \u2013 ICISMEP<\/p>\n","protected":false},"excerpt":{"rendered":"<p>Rela\u00e7\u00e3o das cidades consorciadas que participam do seleto grupo de munic\u00edpios que se beneficiam dos bons servi\u00e7os prestados pela Institui\u00e7\u00e3o de Coopera\u00e7\u00e3o Intermunicipal do M\u00e9dio Paraopeba \u2013 ICISMEP<\/p>\n","protected":false},"author":1,"featured_media":0,"parent":0,"menu_order":0,"comment_status":"closed","ping_status":"closed","template":"page-cidades.php","meta":[],"_links":{"self":[{"href":"https:\/\/criacao.facconsulting.com.br\/icismep-antigo\/wp-json\/wp\/v2\/pages\/11"}],"collection":[{"href":"https:\/\/criacao.facconsulting.com.br\/icismep-antigo\/wp-json\/wp\/v2\/pages"}],"about":[{"href":"https:\/\/criacao.facconsulting.com.br\/icismep-antigo\/wp-json\/wp\/v2\/types\/page"}],"author":[{"embeddable":true,"href":"https:\/\/criacao.facconsulting.com.br\/icismep-antigo\/wp-json\/wp\/v2\/users\/1"}],"replies":[{"embeddable":true,"href":"https:\/\/criacao.facconsulting.com.br\/icismep-antigo\/wp-json\/wp\/v2\/comments?post=11"}],"version-history":[{"count":2,"href":"https:\/\/criacao.facconsulting.com.br\/icismep-antigo\/wp-json\/wp\/v2\/pages\/11\/revisions"}],"predecessor-version":[{"id":14702,"href":"https:\/\/criacao.facconsulting.com.br\/icismep-antigo\/wp-json\/wp\/v2\/pages\/11\/revisions\/14702"}],"wp:attachment":[{"href":"https:\/\/criacao.facconsulting.com.br\/icismep-antigo\/wp-json\/wp\/v2\/media?parent=11"}],"curies":[{"name":"wp","href":"https:\/\/api.w.org\/{rel}","templated":true}]}}